{"id":9926,"date":"2025-07-02T14:48:53","date_gmt":"2025-07-02T14:48:53","guid":{"rendered":"https:\/\/www.erendurmus.com\/?post_type=product&#038;p=9926"},"modified":"2026-02-27T15:39:17","modified_gmt":"2026-02-27T12:39:17","slug":"ava-yuzuk","status":"publish","type":"product","link":"https:\/\/www.erendurmus.com\/?product=ava-yuzuk","title":{"rendered":"Ava Y\u00fcz\u00fck"},"content":{"rendered":"<p>Eren Durmu\u015f Kuyumculuk Y\u00fcz\u00fck<\/p>\n<p>\u0130sim : Ava Y\u00fcz\u00fck<\/p>\n<p>G\u00f6rsel: 14 Ayar Sar\u0131 Alt\u0131n 1,42 Grm<\/p>\n","protected":false},"excerpt":{"rendered":"<p>Ava Y\u00fcz\u00fck<\/p>\n<p>1,42 Grm 14 Ayar Sar\u0131 Alt\u0131n<\/p>\n","protected":false},"featured_media":10594,"comment_status":"open","ping_status":"closed","template":"","meta":[],"product_brand":[],"product_cat":[72],"product_tag":[],"class_list":{"0":"post-9926","1":"product","2":"type-product","3":"status-publish","4":"has-post-thumbnail","6":"product_cat-yuzukler","8":"first","9":"instock","10":"taxable","11":"shipping-taxable","12":"purchasable","13":"product-type-variable"},"_links":{"self":[{"href":"https:\/\/www.erendurmus.com\/index.php?rest_route=\/wp\/v2\/product\/9926","targetHints":{"allow":["GET"]}}],"collection":[{"href":"https:\/\/www.erendurmus.com\/index.php?rest_route=\/wp\/v2\/product"}],"about":[{"href":"https:\/\/www.erendurmus.com\/index.php?rest_route=\/wp\/v2\/types\/product"}],"replies":[{"embeddable":true,"href":"https:\/\/www.erendurmus.com\/index.php?rest_route=%2Fwp%2Fv2%2Fcomments&post=9926"}],"version-history":[{"count":1,"href":"https:\/\/www.erendurmus.com\/index.php?rest_route=\/wp\/v2\/product\/9926\/revisions"}],"predecessor-version":[{"id":9929,"href":"https:\/\/www.erendurmus.com\/index.php?rest_route=\/wp\/v2\/product\/9926\/revisions\/9929"}],"wp:featuredmedia":[{"embeddable":true,"href":"https:\/\/www.erendurmus.com\/index.php?rest_route=\/wp\/v2\/media\/10594"}],"wp:attachment":[{"href":"https:\/\/www.erendurmus.com\/index.php?rest_route=%2Fwp%2Fv2%2Fmedia&parent=9926"}],"wp:term":[{"taxonomy":"product_brand","embeddable":true,"href":"https:\/\/www.erendurmus.com\/index.php?rest_route=%2Fwp%2Fv2%2Fproduct_brand&post=9926"},{"taxonomy":"product_cat","embeddable":true,"href":"https:\/\/www.erendurmus.com\/index.php?rest_route=%2Fwp%2Fv2%2Fproduct_cat&post=9926"},{"taxonomy":"product_tag","embeddable":true,"href":"https:\/\/www.erendurmus.com\/index.php?rest_route=%2Fwp%2Fv2%2Fproduct_tag&post=9926"}],"curies":[{"name":"wp","href":"https:\/\/api.w.org\/{rel}","templated":true}]}}