{"id":9901,"date":"2025-07-02T13:14:18","date_gmt":"2025-07-02T13:14:18","guid":{"rendered":"https:\/\/www.erendurmus.com\/?post_type=product&#038;p=9901"},"modified":"2026-02-27T15:55:22","modified_gmt":"2026-02-27T12:55:22","slug":"bahar-dali-yuzuk","status":"publish","type":"product","link":"https:\/\/www.erendurmus.com\/?product=bahar-dali-yuzuk","title":{"rendered":"Bahar Dal\u0131 Y\u00fcz\u00fck"},"content":{"rendered":"<p>Eren Durmu\u015f Kuyumculuk Y\u00fcz\u00fck<\/p>\n<p>\u0130sim: Bahar Dal\u0131 Y\u00fcz\u00fck<\/p>\n<p>G\u00f6rsel: 14 Ayar Sar\u0131 Alt\u0131n 1,59 Grm<\/p>\n<p>Ta\u015f: Zirkon<\/p>\n","protected":false},"excerpt":{"rendered":"<p>Bahar Dal\u0131 Y\u00fcz\u00fck<\/p>\n<p>1,59 Grm 14 Ayar Sar\u0131 Alt\u0131n<\/p>\n","protected":false},"featured_media":10613,"comment_status":"open","ping_status":"closed","template":"","meta":[],"product_brand":[],"product_cat":[72],"product_tag":[],"class_list":{"0":"post-9901","1":"product","2":"type-product","3":"status-publish","4":"has-post-thumbnail","6":"product_cat-yuzukler","8":"first","9":"instock","10":"taxable","11":"shipping-taxable","12":"purchasable","13":"product-type-variable"},"_links":{"self":[{"href":"https:\/\/www.erendurmus.com\/index.php?rest_route=\/wp\/v2\/product\/9901","targetHints":{"allow":["GET"]}}],"collection":[{"href":"https:\/\/www.erendurmus.com\/index.php?rest_route=\/wp\/v2\/product"}],"about":[{"href":"https:\/\/www.erendurmus.com\/index.php?rest_route=\/wp\/v2\/types\/product"}],"replies":[{"embeddable":true,"href":"https:\/\/www.erendurmus.com\/index.php?rest_route=%2Fwp%2Fv2%2Fcomments&post=9901"}],"version-history":[{"count":2,"href":"https:\/\/www.erendurmus.com\/index.php?rest_route=\/wp\/v2\/product\/9901\/revisions"}],"predecessor-version":[{"id":9912,"href":"https:\/\/www.erendurmus.com\/index.php?rest_route=\/wp\/v2\/product\/9901\/revisions\/9912"}],"wp:featuredmedia":[{"embeddable":true,"href":"https:\/\/www.erendurmus.com\/index.php?rest_route=\/wp\/v2\/media\/10613"}],"wp:attachment":[{"href":"https:\/\/www.erendurmus.com\/index.php?rest_route=%2Fwp%2Fv2%2Fmedia&parent=9901"}],"wp:term":[{"taxonomy":"product_brand","embeddable":true,"href":"https:\/\/www.erendurmus.com\/index.php?rest_route=%2Fwp%2Fv2%2Fproduct_brand&post=9901"},{"taxonomy":"product_cat","embeddable":true,"href":"https:\/\/www.erendurmus.com\/index.php?rest_route=%2Fwp%2Fv2%2Fproduct_cat&post=9901"},{"taxonomy":"product_tag","embeddable":true,"href":"https:\/\/www.erendurmus.com\/index.php?rest_route=%2Fwp%2Fv2%2Fproduct_tag&post=9901"}],"curies":[{"name":"wp","href":"https:\/\/api.w.org\/{rel}","templated":true}]}}