{"id":9873,"date":"2025-07-02T10:05:35","date_gmt":"2025-07-02T10:05:35","guid":{"rendered":"https:\/\/www.erendurmus.com\/?post_type=product&#038;p=9873"},"modified":"2025-10-29T09:47:22","modified_gmt":"2025-10-29T09:47:22","slug":"mimal-toplu-yuzuk","status":"publish","type":"product","link":"https:\/\/www.erendurmus.com\/?product=mimal-toplu-yuzuk","title":{"rendered":"Minimal Toplu Y\u00fcz\u00fck"},"content":{"rendered":"<p>Eren Durmu\u015f Kuyumculuk Y\u00fcz\u00fck<\/p>\n<p>\u0130sim : Minimal Toplu Y\u00fcz\u00fck<\/p>\n<p>G\u00f6rsel : 14 Ayar Sar\u0131 Alt\u0131n 0,82 Grm<\/p>\n","protected":false},"excerpt":{"rendered":"<p>Minimal Toplu Y\u00fcz\u00fck<\/p>\n<p>0,82 Grm 14 Ayar Sar\u0131 Alt\u0131n<\/p>\n","protected":false},"featured_media":9953,"comment_status":"open","ping_status":"closed","template":"","meta":[],"product_brand":[],"product_cat":[72],"product_tag":[],"class_list":{"0":"post-9873","1":"product","2":"type-product","3":"status-publish","4":"has-post-thumbnail","6":"product_cat-yuzukler","8":"first","9":"instock","10":"taxable","11":"shipping-taxable","12":"purchasable","13":"product-type-variable"},"_links":{"self":[{"href":"https:\/\/www.erendurmus.com\/index.php?rest_route=\/wp\/v2\/product\/9873","targetHints":{"allow":["GET"]}}],"collection":[{"href":"https:\/\/www.erendurmus.com\/index.php?rest_route=\/wp\/v2\/product"}],"about":[{"href":"https:\/\/www.erendurmus.com\/index.php?rest_route=\/wp\/v2\/types\/product"}],"replies":[{"embeddable":true,"href":"https:\/\/www.erendurmus.com\/index.php?rest_route=%2Fwp%2Fv2%2Fcomments&post=9873"}],"version-history":[{"count":3,"href":"https:\/\/www.erendurmus.com\/index.php?rest_route=\/wp\/v2\/product\/9873\/revisions"}],"predecessor-version":[{"id":9954,"href":"https:\/\/www.erendurmus.com\/index.php?rest_route=\/wp\/v2\/product\/9873\/revisions\/9954"}],"wp:featuredmedia":[{"embeddable":true,"href":"https:\/\/www.erendurmus.com\/index.php?rest_route=\/wp\/v2\/media\/9953"}],"wp:attachment":[{"href":"https:\/\/www.erendurmus.com\/index.php?rest_route=%2Fwp%2Fv2%2Fmedia&parent=9873"}],"wp:term":[{"taxonomy":"product_brand","embeddable":true,"href":"https:\/\/www.erendurmus.com\/index.php?rest_route=%2Fwp%2Fv2%2Fproduct_brand&post=9873"},{"taxonomy":"product_cat","embeddable":true,"href":"https:\/\/www.erendurmus.com\/index.php?rest_route=%2Fwp%2Fv2%2Fproduct_cat&post=9873"},{"taxonomy":"product_tag","embeddable":true,"href":"https:\/\/www.erendurmus.com\/index.php?rest_route=%2Fwp%2Fv2%2Fproduct_tag&post=9873"}],"curies":[{"name":"wp","href":"https:\/\/api.w.org\/{rel}","templated":true}]}}