{"id":9865,"date":"2025-07-02T09:11:57","date_gmt":"2025-07-02T09:11:57","guid":{"rendered":"https:\/\/www.erendurmus.com\/?post_type=product&#038;p=9865"},"modified":"2025-10-29T09:51:15","modified_gmt":"2025-10-29T09:51:15","slug":"isaret-yuzugu","status":"publish","type":"product","link":"https:\/\/www.erendurmus.com\/?product=isaret-yuzugu","title":{"rendered":"\u0130\u015faret Y\u00fcz\u00fcg\u00fc"},"content":{"rendered":"<p>Eren Durmu\u015f Kuyumculuk y\u00fcz\u00fck<\/p>\n<p>\u0130sim : \u0130\u015faret Y\u00fcz\u00fc\u011f\u00fc<\/p>\n<p>G\u00f6rsel : 14 Ayar Sar\u0131 Alt\u0131n 0,93 Grm<\/p>\n","protected":false},"excerpt":{"rendered":"<p>\u0130\u015eARET Y\u00dcZ\u00dc\u011e\u00dc<\/p>\n<p>0,93 Grm 14 Ayar Sar\u0131 Alt\u0131n<\/p>\n","protected":false},"featured_media":9977,"comment_status":"open","ping_status":"closed","template":"","meta":[],"product_brand":[],"product_cat":[72],"product_tag":[],"class_list":{"0":"post-9865","1":"product","2":"type-product","3":"status-publish","4":"has-post-thumbnail","6":"product_cat-yuzukler","8":"first","9":"instock","10":"taxable","11":"shipping-taxable","12":"purchasable","13":"product-type-variable"},"_links":{"self":[{"href":"https:\/\/www.erendurmus.com\/index.php?rest_route=\/wp\/v2\/product\/9865","targetHints":{"allow":["GET"]}}],"collection":[{"href":"https:\/\/www.erendurmus.com\/index.php?rest_route=\/wp\/v2\/product"}],"about":[{"href":"https:\/\/www.erendurmus.com\/index.php?rest_route=\/wp\/v2\/types\/product"}],"replies":[{"embeddable":true,"href":"https:\/\/www.erendurmus.com\/index.php?rest_route=%2Fwp%2Fv2%2Fcomments&post=9865"}],"version-history":[{"count":1,"href":"https:\/\/www.erendurmus.com\/index.php?rest_route=\/wp\/v2\/product\/9865\/revisions"}],"predecessor-version":[{"id":9869,"href":"https:\/\/www.erendurmus.com\/index.php?rest_route=\/wp\/v2\/product\/9865\/revisions\/9869"}],"wp:featuredmedia":[{"embeddable":true,"href":"https:\/\/www.erendurmus.com\/index.php?rest_route=\/wp\/v2\/media\/9977"}],"wp:attachment":[{"href":"https:\/\/www.erendurmus.com\/index.php?rest_route=%2Fwp%2Fv2%2Fmedia&parent=9865"}],"wp:term":[{"taxonomy":"product_brand","embeddable":true,"href":"https:\/\/www.erendurmus.com\/index.php?rest_route=%2Fwp%2Fv2%2Fproduct_brand&post=9865"},{"taxonomy":"product_cat","embeddable":true,"href":"https:\/\/www.erendurmus.com\/index.php?rest_route=%2Fwp%2Fv2%2Fproduct_cat&post=9865"},{"taxonomy":"product_tag","embeddable":true,"href":"https:\/\/www.erendurmus.com\/index.php?rest_route=%2Fwp%2Fv2%2Fproduct_tag&post=9865"}],"curies":[{"name":"wp","href":"https:\/\/api.w.org\/{rel}","templated":true}]}}