{"id":9790,"date":"2025-05-20T10:16:35","date_gmt":"2025-05-20T10:16:35","guid":{"rendered":"https:\/\/www.erendurmus.com\/?post_type=product&#038;p=9790"},"modified":"2025-10-29T10:04:50","modified_gmt":"2025-10-29T10:04:50","slug":"kalpli-bileklik","status":"publish","type":"product","link":"https:\/\/www.erendurmus.com\/?product=kalpli-bileklik","title":{"rendered":"Kalpli Bileklik"},"content":{"rendered":"<p>Eren Durmu\u015f Kuyumculuk \u00d6zel Tasar\u0131m Bileklik<\/p>\n<p>\u0130sim : Bal\u0131k S\u0131rt\u0131 Bileklik<\/p>\n<p>G\u00f6rsel : 14 Ayar Sar\u0131 Alt\u0131n 4,34 Grm<\/p>\n<p>Uzunluk : 22 Cm<\/p>\n","protected":false},"excerpt":{"rendered":"<p>Kalpli Bileklik<\/p>\n<p>4,34 Grm 14 Ayar Sar\u0131 Alt\u0131n<\/p>\n","protected":false},"featured_media":9791,"comment_status":"open","ping_status":"closed","template":"","meta":[],"product_brand":[],"product_cat":[74],"product_tag":[],"class_list":{"0":"post-9790","1":"product","2":"type-product","3":"status-publish","4":"has-post-thumbnail","6":"product_cat-kunyeler","8":"first","9":"instock","10":"sale","11":"taxable","12":"shipping-taxable","13":"purchasable","14":"product-type-simple"},"_links":{"self":[{"href":"https:\/\/www.erendurmus.com\/index.php?rest_route=\/wp\/v2\/product\/9790","targetHints":{"allow":["GET"]}}],"collection":[{"href":"https:\/\/www.erendurmus.com\/index.php?rest_route=\/wp\/v2\/product"}],"about":[{"href":"https:\/\/www.erendurmus.com\/index.php?rest_route=\/wp\/v2\/types\/product"}],"replies":[{"embeddable":true,"href":"https:\/\/www.erendurmus.com\/index.php?rest_route=%2Fwp%2Fv2%2Fcomments&post=9790"}],"version-history":[{"count":1,"href":"https:\/\/www.erendurmus.com\/index.php?rest_route=\/wp\/v2\/product\/9790\/revisions"}],"predecessor-version":[{"id":9793,"href":"https:\/\/www.erendurmus.com\/index.php?rest_route=\/wp\/v2\/product\/9790\/revisions\/9793"}],"wp:featuredmedia":[{"embeddable":true,"href":"https:\/\/www.erendurmus.com\/index.php?rest_route=\/wp\/v2\/media\/9791"}],"wp:attachment":[{"href":"https:\/\/www.erendurmus.com\/index.php?rest_route=%2Fwp%2Fv2%2Fmedia&parent=9790"}],"wp:term":[{"taxonomy":"product_brand","embeddable":true,"href":"https:\/\/www.erendurmus.com\/index.php?rest_route=%2Fwp%2Fv2%2Fproduct_brand&post=9790"},{"taxonomy":"product_cat","embeddable":true,"href":"https:\/\/www.erendurmus.com\/index.php?rest_route=%2Fwp%2Fv2%2Fproduct_cat&post=9790"},{"taxonomy":"product_tag","embeddable":true,"href":"https:\/\/www.erendurmus.com\/index.php?rest_route=%2Fwp%2Fv2%2Fproduct_tag&post=9790"}],"curies":[{"name":"wp","href":"https:\/\/api.w.org\/{rel}","templated":true}]}}