{"id":9747,"date":"2025-05-08T09:14:50","date_gmt":"2025-05-08T09:14:50","guid":{"rendered":"https:\/\/www.erendurmus.com\/?post_type=product&#038;p=9747"},"modified":"2025-05-08T09:18:21","modified_gmt":"2025-05-08T09:18:21","slug":"elmas-gul-yuzuk","status":"publish","type":"product","link":"https:\/\/www.erendurmus.com\/?product=elmas-gul-yuzuk","title":{"rendered":"Elmas G\u00fcl Y\u00fcz\u00fck"},"content":{"rendered":"<p>0,16 Ct Elmas Y\u00fcz\u00fck<\/p>\n<p>Elmas Ta\u015f 0,13 ct 8 Adet Renk F Berrakl\u0131k SI<\/p>\n<p>Elmas Ta\u015f 0,03 ct 1 Adet Renk F berrakl\u0131k SI<\/p>\n<p>Y\u00fcz\u00fck \u00d6l\u00e7\u00fcs\u00fc : 14<\/p>\n<p>Y\u00fcz\u00fck Ayar\u0131 : 8 Ayar<\/p>\n<p>Y\u00fcz\u00fck Grm : 3,18<\/p>\n","protected":false},"excerpt":{"rendered":"<p>0,16 Ct Elmas G\u00fcl Y\u00fcz\u00fck<\/p>\n<p>Y\u00fcz\u00fck \u00d6l\u00e7\u00fcs\u00fc : 14<\/p>\n<p>Y\u00fcz\u00fck Grm : 3,18<\/p>\n<p>Y\u00fcz\u00fck Ayar\u0131 : 8 Ayar<\/p>\n","protected":false},"featured_media":9749,"comment_status":"open","ping_status":"closed","template":"","meta":[],"product_brand":[],"product_cat":[75],"product_tag":[],"class_list":{"0":"post-9747","1":"product","2":"type-product","3":"status-publish","4":"has-post-thumbnail","6":"product_cat-elmas","8":"first","9":"instock","10":"sale","11":"taxable","12":"shipping-taxable","13":"purchasable","14":"product-type-simple"},"_links":{"self":[{"href":"https:\/\/www.erendurmus.com\/index.php?rest_route=\/wp\/v2\/product\/9747","targetHints":{"allow":["GET"]}}],"collection":[{"href":"https:\/\/www.erendurmus.com\/index.php?rest_route=\/wp\/v2\/product"}],"about":[{"href":"https:\/\/www.erendurmus.com\/index.php?rest_route=\/wp\/v2\/types\/product"}],"replies":[{"embeddable":true,"href":"https:\/\/www.erendurmus.com\/index.php?rest_route=%2Fwp%2Fv2%2Fcomments&post=9747"}],"version-history":[{"count":4,"href":"https:\/\/www.erendurmus.com\/index.php?rest_route=\/wp\/v2\/product\/9747\/revisions"}],"predecessor-version":[{"id":9753,"href":"https:\/\/www.erendurmus.com\/index.php?rest_route=\/wp\/v2\/product\/9747\/revisions\/9753"}],"wp:featuredmedia":[{"embeddable":true,"href":"https:\/\/www.erendurmus.com\/index.php?rest_route=\/wp\/v2\/media\/9749"}],"wp:attachment":[{"href":"https:\/\/www.erendurmus.com\/index.php?rest_route=%2Fwp%2Fv2%2Fmedia&parent=9747"}],"wp:term":[{"taxonomy":"product_brand","embeddable":true,"href":"https:\/\/www.erendurmus.com\/index.php?rest_route=%2Fwp%2Fv2%2Fproduct_brand&post=9747"},{"taxonomy":"product_cat","embeddable":true,"href":"https:\/\/www.erendurmus.com\/index.php?rest_route=%2Fwp%2Fv2%2Fproduct_cat&post=9747"},{"taxonomy":"product_tag","embeddable":true,"href":"https:\/\/www.erendurmus.com\/index.php?rest_route=%2Fwp%2Fv2%2Fproduct_tag&post=9747"}],"curies":[{"name":"wp","href":"https:\/\/api.w.org\/{rel}","templated":true}]}}