{"id":9739,"date":"2025-05-08T08:49:47","date_gmt":"2025-05-08T08:49:47","guid":{"rendered":"https:\/\/www.erendurmus.com\/?post_type=product&#038;p=9739"},"modified":"2025-05-08T09:01:42","modified_gmt":"2025-05-08T09:01:42","slug":"baget-yuzuk","status":"publish","type":"product","link":"https:\/\/www.erendurmus.com\/?product=baget-yuzuk","title":{"rendered":"Baget Y\u00fcz\u00fck"},"content":{"rendered":"<p>0,07 ct P\u0131rlanta Y\u00fcz\u00fck<\/p>\n<p>P\u0131rlanta 0,04 ct\u00a0 3 Adet Renk E Berrakl\u0131k SI<\/p>\n<p>P\u0131rlanta 0,03 ct 6 Adet Renk E\u00a0 Berrakl\u0131k SI<\/p>\n<p>Y\u00fcz\u00fck \u00d6l\u00e7\u00fcs\u00fc : 14 \u00d6l\u00e7\u00fc<\/p>\n<p>Ayar : 8 Ayar<\/p>\n<p>Grm : 1,80 Grm<\/p>\n","protected":false},"excerpt":{"rendered":"<p>0,07 Ct P\u0131rlanta Y\u00fcz\u00fck<\/p>\n<p>Y\u00fcz\u00fck \u00d6l\u00e7\u00fcs\u00fc : 14<\/p>\n<p>Y\u00fcz\u00fck Grm : 1,80 grm<\/p>\n<p>Y\u00fcz\u00fck Ayar\u0131 : 8 Ayar<\/p>\n","protected":false},"featured_media":9740,"comment_status":"open","ping_status":"closed","template":"","meta":[],"product_brand":[],"product_cat":[81],"product_tag":[],"class_list":{"0":"post-9739","1":"product","2":"type-product","3":"status-publish","4":"has-post-thumbnail","6":"product_cat-pirlanta","8":"first","9":"instock","10":"sale","11":"taxable","12":"shipping-taxable","13":"purchasable","14":"product-type-simple"},"_links":{"self":[{"href":"https:\/\/www.erendurmus.com\/index.php?rest_route=\/wp\/v2\/product\/9739","targetHints":{"allow":["GET"]}}],"collection":[{"href":"https:\/\/www.erendurmus.com\/index.php?rest_route=\/wp\/v2\/product"}],"about":[{"href":"https:\/\/www.erendurmus.com\/index.php?rest_route=\/wp\/v2\/types\/product"}],"replies":[{"embeddable":true,"href":"https:\/\/www.erendurmus.com\/index.php?rest_route=%2Fwp%2Fv2%2Fcomments&post=9739"}],"version-history":[{"count":1,"href":"https:\/\/www.erendurmus.com\/index.php?rest_route=\/wp\/v2\/product\/9739\/revisions"}],"predecessor-version":[{"id":9742,"href":"https:\/\/www.erendurmus.com\/index.php?rest_route=\/wp\/v2\/product\/9739\/revisions\/9742"}],"wp:featuredmedia":[{"embeddable":true,"href":"https:\/\/www.erendurmus.com\/index.php?rest_route=\/wp\/v2\/media\/9740"}],"wp:attachment":[{"href":"https:\/\/www.erendurmus.com\/index.php?rest_route=%2Fwp%2Fv2%2Fmedia&parent=9739"}],"wp:term":[{"taxonomy":"product_brand","embeddable":true,"href":"https:\/\/www.erendurmus.com\/index.php?rest_route=%2Fwp%2Fv2%2Fproduct_brand&post=9739"},{"taxonomy":"product_cat","embeddable":true,"href":"https:\/\/www.erendurmus.com\/index.php?rest_route=%2Fwp%2Fv2%2Fproduct_cat&post=9739"},{"taxonomy":"product_tag","embeddable":true,"href":"https:\/\/www.erendurmus.com\/index.php?rest_route=%2Fwp%2Fv2%2Fproduct_tag&post=9739"}],"curies":[{"name":"wp","href":"https:\/\/api.w.org\/{rel}","templated":true}]}}