{"id":9553,"date":"2025-04-28T11:20:32","date_gmt":"2025-04-28T11:20:32","guid":{"rendered":"https:\/\/www.erendurmus.com\/?post_type=product&#038;p=9553"},"modified":"2025-10-29T10:10:41","modified_gmt":"2025-10-29T10:10:41","slug":"petek-tasli-kupe","status":"publish","type":"product","link":"https:\/\/www.erendurmus.com\/?product=petek-tasli-kupe","title":{"rendered":"Petek Ta\u015fl\u0131 K\u00fcpe"},"content":{"rendered":"<p>Eren Durmu\u015f Kuyumculuk \u00d6zel Tasar\u0131m K\u00fcpe<\/p>\n<p>\u0130sim : Petek Ta\u015fl\u0131 K\u00fcpe<\/p>\n<p>G\u00f6rsel : 14 Ayar Sar\u0131 Alt\u0131n 3,49 Grm<\/p>\n<p>Ta\u015f : Zirkon<\/p>\n","protected":false},"excerpt":{"rendered":"<p>Petek Ta\u015fl\u0131 K\u00fcpe<\/p>\n<p>3,49 Grm 14 Ayar Sar\u0131 Alt\u0131n<\/p>\n","protected":false},"featured_media":9555,"comment_status":"open","ping_status":"closed","template":"","meta":[],"product_brand":[],"product_cat":[71],"product_tag":[],"class_list":{"0":"post-9553","1":"product","2":"type-product","3":"status-publish","4":"has-post-thumbnail","6":"product_cat-kupeler","8":"first","9":"instock","10":"sale","11":"taxable","12":"shipping-taxable","13":"purchasable","14":"product-type-simple"},"_links":{"self":[{"href":"https:\/\/www.erendurmus.com\/index.php?rest_route=\/wp\/v2\/product\/9553","targetHints":{"allow":["GET"]}}],"collection":[{"href":"https:\/\/www.erendurmus.com\/index.php?rest_route=\/wp\/v2\/product"}],"about":[{"href":"https:\/\/www.erendurmus.com\/index.php?rest_route=\/wp\/v2\/types\/product"}],"replies":[{"embeddable":true,"href":"https:\/\/www.erendurmus.com\/index.php?rest_route=%2Fwp%2Fv2%2Fcomments&post=9553"}],"version-history":[{"count":1,"href":"https:\/\/www.erendurmus.com\/index.php?rest_route=\/wp\/v2\/product\/9553\/revisions"}],"predecessor-version":[{"id":9557,"href":"https:\/\/www.erendurmus.com\/index.php?rest_route=\/wp\/v2\/product\/9553\/revisions\/9557"}],"wp:featuredmedia":[{"embeddable":true,"href":"https:\/\/www.erendurmus.com\/index.php?rest_route=\/wp\/v2\/media\/9555"}],"wp:attachment":[{"href":"https:\/\/www.erendurmus.com\/index.php?rest_route=%2Fwp%2Fv2%2Fmedia&parent=9553"}],"wp:term":[{"taxonomy":"product_brand","embeddable":true,"href":"https:\/\/www.erendurmus.com\/index.php?rest_route=%2Fwp%2Fv2%2Fproduct_brand&post=9553"},{"taxonomy":"product_cat","embeddable":true,"href":"https:\/\/www.erendurmus.com\/index.php?rest_route=%2Fwp%2Fv2%2Fproduct_cat&post=9553"},{"taxonomy":"product_tag","embeddable":true,"href":"https:\/\/www.erendurmus.com\/index.php?rest_route=%2Fwp%2Fv2%2Fproduct_tag&post=9553"}],"curies":[{"name":"wp","href":"https:\/\/api.w.org\/{rel}","templated":true}]}}