{"id":9294,"date":"2025-04-16T12:43:56","date_gmt":"2025-04-16T12:43:56","guid":{"rendered":"https:\/\/www.erendurmus.com\/?post_type=product&#038;p=9294"},"modified":"2025-10-29T10:39:56","modified_gmt":"2025-10-29T10:39:56","slug":"smart-kupe","status":"publish","type":"product","link":"https:\/\/www.erendurmus.com\/?product=smart-kupe","title":{"rendered":"Smart K\u00fcpe"},"content":{"rendered":"<p>Eren Durmu\u015f Kuyumculuk \u00d6zel Tasar\u0131m K\u00fcpe<\/p>\n<p>\u0130sim : Smart K\u00fcpe<\/p>\n<p>G\u00f6rsel : 14 Ayar Sar\u0131 Alt\u0131n 2,85 Grm<\/p>\n","protected":false},"excerpt":{"rendered":"<p>Smart K\u00fcpe<\/p>\n<p>2,85 Grm 14 Ayar Sar\u0131 Alt\u0131n<\/p>\n","protected":false},"featured_media":9805,"comment_status":"open","ping_status":"closed","template":"","meta":[],"product_brand":[],"product_cat":[71],"product_tag":[],"class_list":{"0":"post-9294","1":"product","2":"type-product","3":"status-publish","4":"has-post-thumbnail","6":"product_cat-kupeler","8":"first","9":"instock","10":"sale","11":"taxable","12":"shipping-taxable","13":"purchasable","14":"product-type-simple"},"_links":{"self":[{"href":"https:\/\/www.erendurmus.com\/index.php?rest_route=\/wp\/v2\/product\/9294","targetHints":{"allow":["GET"]}}],"collection":[{"href":"https:\/\/www.erendurmus.com\/index.php?rest_route=\/wp\/v2\/product"}],"about":[{"href":"https:\/\/www.erendurmus.com\/index.php?rest_route=\/wp\/v2\/types\/product"}],"replies":[{"embeddable":true,"href":"https:\/\/www.erendurmus.com\/index.php?rest_route=%2Fwp%2Fv2%2Fcomments&post=9294"}],"version-history":[{"count":1,"href":"https:\/\/www.erendurmus.com\/index.php?rest_route=\/wp\/v2\/product\/9294\/revisions"}],"predecessor-version":[{"id":9301,"href":"https:\/\/www.erendurmus.com\/index.php?rest_route=\/wp\/v2\/product\/9294\/revisions\/9301"}],"wp:featuredmedia":[{"embeddable":true,"href":"https:\/\/www.erendurmus.com\/index.php?rest_route=\/wp\/v2\/media\/9805"}],"wp:attachment":[{"href":"https:\/\/www.erendurmus.com\/index.php?rest_route=%2Fwp%2Fv2%2Fmedia&parent=9294"}],"wp:term":[{"taxonomy":"product_brand","embeddable":true,"href":"https:\/\/www.erendurmus.com\/index.php?rest_route=%2Fwp%2Fv2%2Fproduct_brand&post=9294"},{"taxonomy":"product_cat","embeddable":true,"href":"https:\/\/www.erendurmus.com\/index.php?rest_route=%2Fwp%2Fv2%2Fproduct_cat&post=9294"},{"taxonomy":"product_tag","embeddable":true,"href":"https:\/\/www.erendurmus.com\/index.php?rest_route=%2Fwp%2Fv2%2Fproduct_tag&post=9294"}],"curies":[{"name":"wp","href":"https:\/\/api.w.org\/{rel}","templated":true}]}}