{"id":9240,"date":"2025-04-10T14:18:07","date_gmt":"2025-04-10T14:18:07","guid":{"rendered":"https:\/\/www.erendurmus.com\/?post_type=product&#038;p=9240"},"modified":"2025-10-30T12:17:35","modified_gmt":"2025-10-30T12:17:35","slug":"kalin-burgu-yuzuk","status":"publish","type":"product","link":"https:\/\/www.erendurmus.com\/?product=kalin-burgu-yuzuk","title":{"rendered":"Kal\u0131n Burgu Y\u00fcz\u00fck"},"content":{"rendered":"<p>Eren Durmu\u015f Kuyumculuk \u00d6zel Tasar\u0131m Y\u00fcz\u00fck<\/p>\n<p>\u0130sim : Kal\u0131n Burgu Y\u00fcz\u00fck<\/p>\n<p>G\u00f6rsel : 14 Ayar Sar\u0131 Alt\u0131n 3,20 Grm<\/p>\n","protected":false},"excerpt":{"rendered":"<p>Kal\u0131n Burgu Y\u00fcz\u00fck<\/p>\n<p>3,20 Grm 14 Ayar Sar\u0131 Alt\u0131n<\/p>\n","protected":false},"featured_media":9951,"comment_status":"open","ping_status":"closed","template":"","meta":[],"product_brand":[],"product_cat":[72],"product_tag":[],"class_list":{"0":"post-9240","1":"product","2":"type-product","3":"status-publish","4":"has-post-thumbnail","6":"product_cat-yuzukler","8":"first","9":"instock","10":"taxable","11":"shipping-taxable","12":"purchasable","13":"product-type-variable"},"_links":{"self":[{"href":"https:\/\/www.erendurmus.com\/index.php?rest_route=\/wp\/v2\/product\/9240","targetHints":{"allow":["GET"]}}],"collection":[{"href":"https:\/\/www.erendurmus.com\/index.php?rest_route=\/wp\/v2\/product"}],"about":[{"href":"https:\/\/www.erendurmus.com\/index.php?rest_route=\/wp\/v2\/types\/product"}],"replies":[{"embeddable":true,"href":"https:\/\/www.erendurmus.com\/index.php?rest_route=%2Fwp%2Fv2%2Fcomments&post=9240"}],"version-history":[{"count":1,"href":"https:\/\/www.erendurmus.com\/index.php?rest_route=\/wp\/v2\/product\/9240\/revisions"}],"predecessor-version":[{"id":9245,"href":"https:\/\/www.erendurmus.com\/index.php?rest_route=\/wp\/v2\/product\/9240\/revisions\/9245"}],"wp:featuredmedia":[{"embeddable":true,"href":"https:\/\/www.erendurmus.com\/index.php?rest_route=\/wp\/v2\/media\/9951"}],"wp:attachment":[{"href":"https:\/\/www.erendurmus.com\/index.php?rest_route=%2Fwp%2Fv2%2Fmedia&parent=9240"}],"wp:term":[{"taxonomy":"product_brand","embeddable":true,"href":"https:\/\/www.erendurmus.com\/index.php?rest_route=%2Fwp%2Fv2%2Fproduct_brand&post=9240"},{"taxonomy":"product_cat","embeddable":true,"href":"https:\/\/www.erendurmus.com\/index.php?rest_route=%2Fwp%2Fv2%2Fproduct_cat&post=9240"},{"taxonomy":"product_tag","embeddable":true,"href":"https:\/\/www.erendurmus.com\/index.php?rest_route=%2Fwp%2Fv2%2Fproduct_tag&post=9240"}],"curies":[{"name":"wp","href":"https:\/\/api.w.org\/{rel}","templated":true}]}}