{"id":9168,"date":"2025-03-24T12:52:07","date_gmt":"2025-03-24T12:52:07","guid":{"rendered":"https:\/\/www.erendurmus.com\/?post_type=product&#038;p=9168"},"modified":"2025-10-30T12:28:52","modified_gmt":"2025-10-30T12:28:52","slug":"bambu-bilezik","status":"publish","type":"product","link":"https:\/\/www.erendurmus.com\/?product=bambu-bilezik","title":{"rendered":"Bambu Bilezik"},"content":{"rendered":"<p>Eren Durmu\u015f Kuyumculuk \u00d6zel Tasar\u0131m Bilezik<\/p>\n<p>\u0130sim : Bambu Bilezik<\/p>\n<p>G\u00f6rsel : 14 Ayar Sar\u0131 Alt\u0131n 4,10 Grm<\/p>\n","protected":false},"excerpt":{"rendered":"<p>Bambu Bilezik<\/p>\n<p>4,10 Grm 14 Ayar Sar\u0131 Alt\u0131n<\/p>\n","protected":false},"featured_media":9170,"comment_status":"open","ping_status":"closed","template":"","meta":[],"product_brand":[],"product_cat":[73],"product_tag":[],"class_list":{"0":"post-9168","1":"product","2":"type-product","3":"status-publish","4":"has-post-thumbnail","6":"product_cat-bilezikler","8":"first","9":"instock","10":"sale","11":"taxable","12":"shipping-taxable","13":"purchasable","14":"product-type-simple"},"_links":{"self":[{"href":"https:\/\/www.erendurmus.com\/index.php?rest_route=\/wp\/v2\/product\/9168","targetHints":{"allow":["GET"]}}],"collection":[{"href":"https:\/\/www.erendurmus.com\/index.php?rest_route=\/wp\/v2\/product"}],"about":[{"href":"https:\/\/www.erendurmus.com\/index.php?rest_route=\/wp\/v2\/types\/product"}],"replies":[{"embeddable":true,"href":"https:\/\/www.erendurmus.com\/index.php?rest_route=%2Fwp%2Fv2%2Fcomments&post=9168"}],"version-history":[{"count":1,"href":"https:\/\/www.erendurmus.com\/index.php?rest_route=\/wp\/v2\/product\/9168\/revisions"}],"predecessor-version":[{"id":9172,"href":"https:\/\/www.erendurmus.com\/index.php?rest_route=\/wp\/v2\/product\/9168\/revisions\/9172"}],"wp:featuredmedia":[{"embeddable":true,"href":"https:\/\/www.erendurmus.com\/index.php?rest_route=\/wp\/v2\/media\/9170"}],"wp:attachment":[{"href":"https:\/\/www.erendurmus.com\/index.php?rest_route=%2Fwp%2Fv2%2Fmedia&parent=9168"}],"wp:term":[{"taxonomy":"product_brand","embeddable":true,"href":"https:\/\/www.erendurmus.com\/index.php?rest_route=%2Fwp%2Fv2%2Fproduct_brand&post=9168"},{"taxonomy":"product_cat","embeddable":true,"href":"https:\/\/www.erendurmus.com\/index.php?rest_route=%2Fwp%2Fv2%2Fproduct_cat&post=9168"},{"taxonomy":"product_tag","embeddable":true,"href":"https:\/\/www.erendurmus.com\/index.php?rest_route=%2Fwp%2Fv2%2Fproduct_tag&post=9168"}],"curies":[{"name":"wp","href":"https:\/\/api.w.org\/{rel}","templated":true}]}}