{"id":9108,"date":"2025-03-18T10:26:24","date_gmt":"2025-03-18T10:26:24","guid":{"rendered":"https:\/\/www.erendurmus.com\/?post_type=product&#038;p=9108"},"modified":"2025-10-30T12:43:17","modified_gmt":"2025-10-30T12:43:17","slug":"su-yesili-kolye","status":"publish","type":"product","link":"https:\/\/www.erendurmus.com\/?product=su-yesili-kolye","title":{"rendered":"Su Ye\u015fili Kolye"},"content":{"rendered":"<p>Eren Durmu\u015f Kuyumculuk \u00d6zel Tasar\u0131m Kolye<\/p>\n<p>\u0130sim : Su Ye\u015fili Kolye<\/p>\n<p>G\u00f6rsel : 14 Ayar\u00a0 Sar\u0131 Alt\u0131n 1,41 Grm<\/p>\n<p>Zincir Uzunlu\u011fu : 41 cm<\/p>\n<p>Ta\u015f : Zirkon<\/p>\n","protected":false},"excerpt":{"rendered":"<p>1,41 Grm 14 Ayar Sar\u0131 Alt\u0131n<\/p>\n","protected":false},"featured_media":9525,"comment_status":"open","ping_status":"closed","template":"","meta":[],"product_brand":[],"product_cat":[70],"product_tag":[],"class_list":{"0":"post-9108","1":"product","2":"type-product","3":"status-publish","4":"has-post-thumbnail","6":"product_cat-kolyeler","8":"first","9":"instock","10":"sale","11":"taxable","12":"shipping-taxable","13":"purchasable","14":"product-type-simple"},"_links":{"self":[{"href":"https:\/\/www.erendurmus.com\/index.php?rest_route=\/wp\/v2\/product\/9108","targetHints":{"allow":["GET"]}}],"collection":[{"href":"https:\/\/www.erendurmus.com\/index.php?rest_route=\/wp\/v2\/product"}],"about":[{"href":"https:\/\/www.erendurmus.com\/index.php?rest_route=\/wp\/v2\/types\/product"}],"replies":[{"embeddable":true,"href":"https:\/\/www.erendurmus.com\/index.php?rest_route=%2Fwp%2Fv2%2Fcomments&post=9108"}],"version-history":[{"count":1,"href":"https:\/\/www.erendurmus.com\/index.php?rest_route=\/wp\/v2\/product\/9108\/revisions"}],"predecessor-version":[{"id":9114,"href":"https:\/\/www.erendurmus.com\/index.php?rest_route=\/wp\/v2\/product\/9108\/revisions\/9114"}],"wp:featuredmedia":[{"embeddable":true,"href":"https:\/\/www.erendurmus.com\/index.php?rest_route=\/wp\/v2\/media\/9525"}],"wp:attachment":[{"href":"https:\/\/www.erendurmus.com\/index.php?rest_route=%2Fwp%2Fv2%2Fmedia&parent=9108"}],"wp:term":[{"taxonomy":"product_brand","embeddable":true,"href":"https:\/\/www.erendurmus.com\/index.php?rest_route=%2Fwp%2Fv2%2Fproduct_brand&post=9108"},{"taxonomy":"product_cat","embeddable":true,"href":"https:\/\/www.erendurmus.com\/index.php?rest_route=%2Fwp%2Fv2%2Fproduct_cat&post=9108"},{"taxonomy":"product_tag","embeddable":true,"href":"https:\/\/www.erendurmus.com\/index.php?rest_route=%2Fwp%2Fv2%2Fproduct_tag&post=9108"}],"curies":[{"name":"wp","href":"https:\/\/api.w.org\/{rel}","templated":true}]}}