{"id":8999,"date":"2025-03-01T11:17:51","date_gmt":"2025-03-01T11:17:51","guid":{"rendered":"https:\/\/www.erendurmus.com\/?post_type=product&#038;p=8999"},"modified":"2025-10-30T12:53:57","modified_gmt":"2025-10-30T12:53:57","slug":"star-kolye","status":"publish","type":"product","link":"https:\/\/www.erendurmus.com\/?product=star-kolye","title":{"rendered":"Star Kolye"},"content":{"rendered":"<p>Eren Durmu\u015f Kuyumculuk \u00d6zel Tasar\u0131m Kolye<\/p>\n<p>\u0130sim: Star Kolye<\/p>\n<p>G\u00f6rsel : 14 Ayar Sar\u0131 Alt\u0131n 2,04 grm<\/p>\n<p>Zincir Uzunlu\u011fu : 42 cm<\/p>\n<p>Ta\u015f : Zirkon<\/p>\n","protected":false},"excerpt":{"rendered":"<p>Star Kolye<\/p>\n<p>2,04 grm 14 Ayar Sar\u0131 Alt\u0131n<\/p>\n","protected":false},"featured_media":9526,"comment_status":"open","ping_status":"closed","template":"","meta":[],"product_brand":[],"product_cat":[70],"product_tag":[],"class_list":{"0":"post-8999","1":"product","2":"type-product","3":"status-publish","4":"has-post-thumbnail","6":"product_cat-kolyeler","8":"first","9":"instock","10":"sale","11":"taxable","12":"shipping-taxable","13":"purchasable","14":"product-type-simple"},"_links":{"self":[{"href":"https:\/\/www.erendurmus.com\/index.php?rest_route=\/wp\/v2\/product\/8999","targetHints":{"allow":["GET"]}}],"collection":[{"href":"https:\/\/www.erendurmus.com\/index.php?rest_route=\/wp\/v2\/product"}],"about":[{"href":"https:\/\/www.erendurmus.com\/index.php?rest_route=\/wp\/v2\/types\/product"}],"replies":[{"embeddable":true,"href":"https:\/\/www.erendurmus.com\/index.php?rest_route=%2Fwp%2Fv2%2Fcomments&post=8999"}],"version-history":[{"count":2,"href":"https:\/\/www.erendurmus.com\/index.php?rest_route=\/wp\/v2\/product\/8999\/revisions"}],"predecessor-version":[{"id":9529,"href":"https:\/\/www.erendurmus.com\/index.php?rest_route=\/wp\/v2\/product\/8999\/revisions\/9529"}],"wp:featuredmedia":[{"embeddable":true,"href":"https:\/\/www.erendurmus.com\/index.php?rest_route=\/wp\/v2\/media\/9526"}],"wp:attachment":[{"href":"https:\/\/www.erendurmus.com\/index.php?rest_route=%2Fwp%2Fv2%2Fmedia&parent=8999"}],"wp:term":[{"taxonomy":"product_brand","embeddable":true,"href":"https:\/\/www.erendurmus.com\/index.php?rest_route=%2Fwp%2Fv2%2Fproduct_brand&post=8999"},{"taxonomy":"product_cat","embeddable":true,"href":"https:\/\/www.erendurmus.com\/index.php?rest_route=%2Fwp%2Fv2%2Fproduct_cat&post=8999"},{"taxonomy":"product_tag","embeddable":true,"href":"https:\/\/www.erendurmus.com\/index.php?rest_route=%2Fwp%2Fv2%2Fproduct_tag&post=8999"}],"curies":[{"name":"wp","href":"https:\/\/api.w.org\/{rel}","templated":true}]}}