{"id":8964,"date":"2025-02-27T13:32:07","date_gmt":"2025-02-27T13:32:07","guid":{"rendered":"https:\/\/www.erendurmus.com\/?post_type=product&#038;p=8964"},"modified":"2025-10-30T14:12:09","modified_gmt":"2025-10-30T14:12:09","slug":"manuka-kolye","status":"publish","type":"product","link":"https:\/\/www.erendurmus.com\/?product=manuka-kolye","title":{"rendered":"Manuka Kolye"},"content":{"rendered":"<p>Eren Durmu\u015f Kuyumculuk \u00d6zel Tasar\u0131m Kolyemiz<\/p>\n<p>\u0130sim : Manuka Kolye<\/p>\n<p>G\u00f6rsel :14 Ayar Sar\u0131 Alt\u0131n 2,13 Grm<\/p>\n<p>Zincir Uzunlu\u011fu : 46Cm<\/p>\n<p>Ta\u015f :Zirkon<\/p>\n<p>&nbsp;<\/p>\n","protected":false},"excerpt":{"rendered":"<p>Manuka Kolye<\/p>\n<p>2,13 Grm 14 Ayar Sar\u0131 Alt\u0131n<\/p>\n<p>&nbsp;<\/p>\n<p>&nbsp;<\/p>\n","protected":false},"featured_media":9498,"comment_status":"open","ping_status":"closed","template":"","meta":[],"product_brand":[],"product_cat":[70],"product_tag":[],"class_list":{"0":"post-8964","1":"product","2":"type-product","3":"status-publish","4":"has-post-thumbnail","6":"product_cat-kolyeler","8":"first","9":"instock","10":"sale","11":"taxable","12":"shipping-taxable","13":"purchasable","14":"product-type-simple"},"_links":{"self":[{"href":"https:\/\/www.erendurmus.com\/index.php?rest_route=\/wp\/v2\/product\/8964","targetHints":{"allow":["GET"]}}],"collection":[{"href":"https:\/\/www.erendurmus.com\/index.php?rest_route=\/wp\/v2\/product"}],"about":[{"href":"https:\/\/www.erendurmus.com\/index.php?rest_route=\/wp\/v2\/types\/product"}],"replies":[{"embeddable":true,"href":"https:\/\/www.erendurmus.com\/index.php?rest_route=%2Fwp%2Fv2%2Fcomments&post=8964"}],"version-history":[{"count":2,"href":"https:\/\/www.erendurmus.com\/index.php?rest_route=\/wp\/v2\/product\/8964\/revisions"}],"predecessor-version":[{"id":9501,"href":"https:\/\/www.erendurmus.com\/index.php?rest_route=\/wp\/v2\/product\/8964\/revisions\/9501"}],"wp:featuredmedia":[{"embeddable":true,"href":"https:\/\/www.erendurmus.com\/index.php?rest_route=\/wp\/v2\/media\/9498"}],"wp:attachment":[{"href":"https:\/\/www.erendurmus.com\/index.php?rest_route=%2Fwp%2Fv2%2Fmedia&parent=8964"}],"wp:term":[{"taxonomy":"product_brand","embeddable":true,"href":"https:\/\/www.erendurmus.com\/index.php?rest_route=%2Fwp%2Fv2%2Fproduct_brand&post=8964"},{"taxonomy":"product_cat","embeddable":true,"href":"https:\/\/www.erendurmus.com\/index.php?rest_route=%2Fwp%2Fv2%2Fproduct_cat&post=8964"},{"taxonomy":"product_tag","embeddable":true,"href":"https:\/\/www.erendurmus.com\/index.php?rest_route=%2Fwp%2Fv2%2Fproduct_tag&post=8964"}],"curies":[{"name":"wp","href":"https:\/\/api.w.org\/{rel}","templated":true}]}}