{"id":8945,"date":"2025-02-27T11:23:18","date_gmt":"2025-02-27T11:23:18","guid":{"rendered":"https:\/\/www.erendurmus.com\/?post_type=product&#038;p=8945"},"modified":"2025-10-30T14:13:01","modified_gmt":"2025-10-30T14:13:01","slug":"8945","status":"publish","type":"product","link":"https:\/\/www.erendurmus.com\/?product=8945","title":{"rendered":"GURMET TA\u015eLI KOLYE"},"content":{"rendered":"<p>Eren Durmu\u015f Kuyumculuk \u00d6zel Tasar\u0131m Kolyemiz<\/p>\n<p>\u0130sim: Gurmet Ta\u015fl\u0131 Kolye<\/p>\n<p>G\u00f6rsel :14 Ayar Sar\u0131 Alt\u0131n 9,25 Grm<\/p>\n<p>Zincir Uzunlugu: 48cm<\/p>\n<p>Ta\u015f :Zirkon<\/p>\n","protected":false},"excerpt":{"rendered":"<p>Gurmet Ta\u015fl\u0131 Kolye<\/p>\n<p>9,25 grm 14 Ayar Sar\u0131 Alt\u0131n<\/p>\n","protected":false},"featured_media":9486,"comment_status":"open","ping_status":"closed","template":"","meta":[],"product_brand":[],"product_cat":[70],"product_tag":[],"class_list":{"0":"post-8945","1":"product","2":"type-product","3":"status-publish","4":"has-post-thumbnail","6":"product_cat-kolyeler","8":"first","9":"instock","10":"sale","11":"taxable","12":"shipping-taxable","13":"purchasable","14":"product-type-simple"},"_links":{"self":[{"href":"https:\/\/www.erendurmus.com\/index.php?rest_route=\/wp\/v2\/product\/8945","targetHints":{"allow":["GET"]}}],"collection":[{"href":"https:\/\/www.erendurmus.com\/index.php?rest_route=\/wp\/v2\/product"}],"about":[{"href":"https:\/\/www.erendurmus.com\/index.php?rest_route=\/wp\/v2\/types\/product"}],"replies":[{"embeddable":true,"href":"https:\/\/www.erendurmus.com\/index.php?rest_route=%2Fwp%2Fv2%2Fcomments&post=8945"}],"version-history":[{"count":3,"href":"https:\/\/www.erendurmus.com\/index.php?rest_route=\/wp\/v2\/product\/8945\/revisions"}],"predecessor-version":[{"id":8972,"href":"https:\/\/www.erendurmus.com\/index.php?rest_route=\/wp\/v2\/product\/8945\/revisions\/8972"}],"wp:featuredmedia":[{"embeddable":true,"href":"https:\/\/www.erendurmus.com\/index.php?rest_route=\/wp\/v2\/media\/9486"}],"wp:attachment":[{"href":"https:\/\/www.erendurmus.com\/index.php?rest_route=%2Fwp%2Fv2%2Fmedia&parent=8945"}],"wp:term":[{"taxonomy":"product_brand","embeddable":true,"href":"https:\/\/www.erendurmus.com\/index.php?rest_route=%2Fwp%2Fv2%2Fproduct_brand&post=8945"},{"taxonomy":"product_cat","embeddable":true,"href":"https:\/\/www.erendurmus.com\/index.php?rest_route=%2Fwp%2Fv2%2Fproduct_cat&post=8945"},{"taxonomy":"product_tag","embeddable":true,"href":"https:\/\/www.erendurmus.com\/index.php?rest_route=%2Fwp%2Fv2%2Fproduct_tag&post=8945"}],"curies":[{"name":"wp","href":"https:\/\/api.w.org\/{rel}","templated":true}]}}