{"id":8916,"date":"2025-02-20T12:21:08","date_gmt":"2025-02-20T12:21:08","guid":{"rendered":"https:\/\/www.erendurmus.com\/?post_type=product&#038;p=8916"},"modified":"2025-10-30T14:18:58","modified_gmt":"2025-10-30T14:18:58","slug":"vintage-yuzuk","status":"publish","type":"product","link":"https:\/\/www.erendurmus.com\/?product=vintage-yuzuk","title":{"rendered":"vintage y\u00fcz\u00fck"},"content":{"rendered":"<p>Eren Durmu\u015f Kuyumculuk \u00d6zel Tasar\u0131m Y\u00fcz\u00fc\u011f\u00fcm\u00fcz<\/p>\n<p>\u0130sim : Vintage Y\u00fcz\u00fck<\/p>\n<p>G\u00f6rsel :14 Ayar Sar\u0131 Alt\u0131n 1,46 Grm<\/p>\n<p>Ta\u015f :Zirkon<\/p>\n","protected":false},"excerpt":{"rendered":"<p>Vintage Y\u00fcz\u00fck<\/p>\n<p>1,46 Grm 14Ayar Sar\u0131 Alt\u0131n<\/p>\n","protected":false},"featured_media":9219,"comment_status":"open","ping_status":"closed","template":"","meta":[],"product_brand":[],"product_cat":[72],"product_tag":[],"class_list":{"0":"post-8916","1":"product","2":"type-product","3":"status-publish","4":"has-post-thumbnail","6":"product_cat-yuzukler","8":"first","9":"instock","10":"taxable","11":"shipping-taxable","12":"purchasable","13":"product-type-variable"},"_links":{"self":[{"href":"https:\/\/www.erendurmus.com\/index.php?rest_route=\/wp\/v2\/product\/8916","targetHints":{"allow":["GET"]}}],"collection":[{"href":"https:\/\/www.erendurmus.com\/index.php?rest_route=\/wp\/v2\/product"}],"about":[{"href":"https:\/\/www.erendurmus.com\/index.php?rest_route=\/wp\/v2\/types\/product"}],"replies":[{"embeddable":true,"href":"https:\/\/www.erendurmus.com\/index.php?rest_route=%2Fwp%2Fv2%2Fcomments&post=8916"}],"version-history":[{"count":4,"href":"https:\/\/www.erendurmus.com\/index.php?rest_route=\/wp\/v2\/product\/8916\/revisions"}],"predecessor-version":[{"id":8924,"href":"https:\/\/www.erendurmus.com\/index.php?rest_route=\/wp\/v2\/product\/8916\/revisions\/8924"}],"wp:featuredmedia":[{"embeddable":true,"href":"https:\/\/www.erendurmus.com\/index.php?rest_route=\/wp\/v2\/media\/9219"}],"wp:attachment":[{"href":"https:\/\/www.erendurmus.com\/index.php?rest_route=%2Fwp%2Fv2%2Fmedia&parent=8916"}],"wp:term":[{"taxonomy":"product_brand","embeddable":true,"href":"https:\/\/www.erendurmus.com\/index.php?rest_route=%2Fwp%2Fv2%2Fproduct_brand&post=8916"},{"taxonomy":"product_cat","embeddable":true,"href":"https:\/\/www.erendurmus.com\/index.php?rest_route=%2Fwp%2Fv2%2Fproduct_cat&post=8916"},{"taxonomy":"product_tag","embeddable":true,"href":"https:\/\/www.erendurmus.com\/index.php?rest_route=%2Fwp%2Fv2%2Fproduct_tag&post=8916"}],"curies":[{"name":"wp","href":"https:\/\/api.w.org\/{rel}","templated":true}]}}