{"id":10644,"date":"2025-09-09T12:40:07","date_gmt":"2025-09-09T12:40:07","guid":{"rendered":"https:\/\/www.erendurmus.com\/?post_type=product&#038;p=10644"},"modified":"2026-02-27T13:49:02","modified_gmt":"2026-02-27T10:49:02","slug":"tasli-dikdortgen-kupe-2","status":"publish","type":"product","link":"https:\/\/www.erendurmus.com\/?product=tasli-dikdortgen-kupe-2","title":{"rendered":"Ta\u015fl\u0131 Dikd\u00f6rtgen K\u00fcpe"},"content":{"rendered":"<p>Eren Durmu\u015f Kuyumculuk K\u00fcpe<\/p>\n<p>\u0130sim : Ta\u015fl\u0131 Ta\u015fl\u0131 Dikd\u00f6rtgen K\u00fcpe<\/p>\n<p>G\u00f6rsel : 14 Ayar Sar\u0131 Alt\u0131n 2.58 Grm<\/p>\n<p>Ta\u015f: Zirkon<\/p>\n","protected":false},"excerpt":{"rendered":"<p>Ta\u015fl\u0131 Dikd\u00f6rtgen K\u00fcpe<\/p>\n<p>2.58 Grm 14 Ayar Sar\u0131 Alt\u0131n<\/p>\n","protected":false},"featured_media":10645,"comment_status":"open","ping_status":"closed","template":"","meta":[],"product_brand":[],"product_cat":[71],"product_tag":[],"class_list":{"0":"post-10644","1":"product","2":"type-product","3":"status-publish","4":"has-post-thumbnail","6":"product_cat-kupeler","8":"first","9":"instock","10":"sale","11":"taxable","12":"shipping-taxable","13":"purchasable","14":"product-type-simple"},"_links":{"self":[{"href":"https:\/\/www.erendurmus.com\/index.php?rest_route=\/wp\/v2\/product\/10644","targetHints":{"allow":["GET"]}}],"collection":[{"href":"https:\/\/www.erendurmus.com\/index.php?rest_route=\/wp\/v2\/product"}],"about":[{"href":"https:\/\/www.erendurmus.com\/index.php?rest_route=\/wp\/v2\/types\/product"}],"replies":[{"embeddable":true,"href":"https:\/\/www.erendurmus.com\/index.php?rest_route=%2Fwp%2Fv2%2Fcomments&post=10644"}],"version-history":[{"count":2,"href":"https:\/\/www.erendurmus.com\/index.php?rest_route=\/wp\/v2\/product\/10644\/revisions"}],"predecessor-version":[{"id":10654,"href":"https:\/\/www.erendurmus.com\/index.php?rest_route=\/wp\/v2\/product\/10644\/revisions\/10654"}],"wp:featuredmedia":[{"embeddable":true,"href":"https:\/\/www.erendurmus.com\/index.php?rest_route=\/wp\/v2\/media\/10645"}],"wp:attachment":[{"href":"https:\/\/www.erendurmus.com\/index.php?rest_route=%2Fwp%2Fv2%2Fmedia&parent=10644"}],"wp:term":[{"taxonomy":"product_brand","embeddable":true,"href":"https:\/\/www.erendurmus.com\/index.php?rest_route=%2Fwp%2Fv2%2Fproduct_brand&post=10644"},{"taxonomy":"product_cat","embeddable":true,"href":"https:\/\/www.erendurmus.com\/index.php?rest_route=%2Fwp%2Fv2%2Fproduct_cat&post=10644"},{"taxonomy":"product_tag","embeddable":true,"href":"https:\/\/www.erendurmus.com\/index.php?rest_route=%2Fwp%2Fv2%2Fproduct_tag&post=10644"}],"curies":[{"name":"wp","href":"https:\/\/api.w.org\/{rel}","templated":true}]}}