{"id":10495,"date":"2025-08-28T11:15:07","date_gmt":"2025-08-28T11:15:07","guid":{"rendered":"https:\/\/www.erendurmus.com\/?post_type=product&#038;p=10495"},"modified":"2026-02-27T13:54:23","modified_gmt":"2026-02-27T10:54:23","slug":"bal-kupu-bileklik","status":"publish","type":"product","link":"https:\/\/www.erendurmus.com\/?product=bal-kupu-bileklik","title":{"rendered":"Bal K\u00fcp\u00fc Bileklik"},"content":{"rendered":"<p>Eren Durmus Kuyumculuk Bileklik<\/p>\n<p>\u0130sim: Bal K\u00fcp\u00fc Bileklik<\/p>\n<p>G\u00f6rsel: 14 Ayar Sar\u0131 Alt\u0131n 5.97 Grm<\/p>\n<p>Uzunluk: 19 Cm<\/p>\n","protected":false},"excerpt":{"rendered":"<p>Bal K\u00fcp\u00fc Bileklik<\/p>\n<p>5.97 Grm 14 Ayar Sar\u0131 Alt\u0131n<\/p>\n<p>&nbsp;<\/p>\n","protected":false},"featured_media":10496,"comment_status":"open","ping_status":"closed","template":"","meta":[],"product_brand":[],"product_cat":[74],"product_tag":[],"class_list":{"0":"post-10495","1":"product","2":"type-product","3":"status-publish","4":"has-post-thumbnail","6":"product_cat-kunyeler","8":"first","9":"instock","10":"sale","11":"taxable","12":"shipping-taxable","13":"purchasable","14":"product-type-simple"},"_links":{"self":[{"href":"https:\/\/www.erendurmus.com\/index.php?rest_route=\/wp\/v2\/product\/10495","targetHints":{"allow":["GET"]}}],"collection":[{"href":"https:\/\/www.erendurmus.com\/index.php?rest_route=\/wp\/v2\/product"}],"about":[{"href":"https:\/\/www.erendurmus.com\/index.php?rest_route=\/wp\/v2\/types\/product"}],"replies":[{"embeddable":true,"href":"https:\/\/www.erendurmus.com\/index.php?rest_route=%2Fwp%2Fv2%2Fcomments&post=10495"}],"version-history":[{"count":1,"href":"https:\/\/www.erendurmus.com\/index.php?rest_route=\/wp\/v2\/product\/10495\/revisions"}],"predecessor-version":[{"id":10499,"href":"https:\/\/www.erendurmus.com\/index.php?rest_route=\/wp\/v2\/product\/10495\/revisions\/10499"}],"wp:featuredmedia":[{"embeddable":true,"href":"https:\/\/www.erendurmus.com\/index.php?rest_route=\/wp\/v2\/media\/10496"}],"wp:attachment":[{"href":"https:\/\/www.erendurmus.com\/index.php?rest_route=%2Fwp%2Fv2%2Fmedia&parent=10495"}],"wp:term":[{"taxonomy":"product_brand","embeddable":true,"href":"https:\/\/www.erendurmus.com\/index.php?rest_route=%2Fwp%2Fv2%2Fproduct_brand&post=10495"},{"taxonomy":"product_cat","embeddable":true,"href":"https:\/\/www.erendurmus.com\/index.php?rest_route=%2Fwp%2Fv2%2Fproduct_cat&post=10495"},{"taxonomy":"product_tag","embeddable":true,"href":"https:\/\/www.erendurmus.com\/index.php?rest_route=%2Fwp%2Fv2%2Fproduct_tag&post=10495"}],"curies":[{"name":"wp","href":"https:\/\/api.w.org\/{rel}","templated":true}]}}