{"id":10454,"date":"2025-08-16T15:16:13","date_gmt":"2025-08-16T15:16:13","guid":{"rendered":"https:\/\/www.erendurmus.com\/?post_type=product&#038;p=10454"},"modified":"2026-02-27T13:58:18","modified_gmt":"2026-02-27T10:58:18","slug":"sirali-yuzuk","status":"publish","type":"product","link":"https:\/\/www.erendurmus.com\/?product=sirali-yuzuk","title":{"rendered":"S\u0131ral\u0131 Y\u00fcz\u00fck"},"content":{"rendered":"<p>Eren Durmu\u015f Kuyumculuk Y\u00fcz\u00fck<\/p>\n<p>\u0130sim : S\u0131ral\u0131 Y\u00fcz\u00fck<\/p>\n<p>G\u00f6rsel: 14 Ayar Sar\u0131 Alt\u0131n 1.78 Grm<\/p>\n<p>Ta\u015f: Zirkon<\/p>\n","protected":false},"excerpt":{"rendered":"<p>S\u0131ral\u0131 Y\u00fcz\u00fck<\/p>\n<p>1.78 Grm 14 Ayar Sar\u0131 Alt\u0131n<\/p>\n","protected":false},"featured_media":10519,"comment_status":"open","ping_status":"closed","template":"","meta":[],"product_brand":[],"product_cat":[72],"product_tag":[],"class_list":{"0":"post-10454","1":"product","2":"type-product","3":"status-publish","4":"has-post-thumbnail","6":"product_cat-yuzukler","8":"first","9":"instock","10":"sale","11":"taxable","12":"shipping-taxable","13":"purchasable","14":"product-type-simple"},"_links":{"self":[{"href":"https:\/\/www.erendurmus.com\/index.php?rest_route=\/wp\/v2\/product\/10454","targetHints":{"allow":["GET"]}}],"collection":[{"href":"https:\/\/www.erendurmus.com\/index.php?rest_route=\/wp\/v2\/product"}],"about":[{"href":"https:\/\/www.erendurmus.com\/index.php?rest_route=\/wp\/v2\/types\/product"}],"replies":[{"embeddable":true,"href":"https:\/\/www.erendurmus.com\/index.php?rest_route=%2Fwp%2Fv2%2Fcomments&post=10454"}],"version-history":[{"count":2,"href":"https:\/\/www.erendurmus.com\/index.php?rest_route=\/wp\/v2\/product\/10454\/revisions"}],"predecessor-version":[{"id":10472,"href":"https:\/\/www.erendurmus.com\/index.php?rest_route=\/wp\/v2\/product\/10454\/revisions\/10472"}],"wp:featuredmedia":[{"embeddable":true,"href":"https:\/\/www.erendurmus.com\/index.php?rest_route=\/wp\/v2\/media\/10519"}],"wp:attachment":[{"href":"https:\/\/www.erendurmus.com\/index.php?rest_route=%2Fwp%2Fv2%2Fmedia&parent=10454"}],"wp:term":[{"taxonomy":"product_brand","embeddable":true,"href":"https:\/\/www.erendurmus.com\/index.php?rest_route=%2Fwp%2Fv2%2Fproduct_brand&post=10454"},{"taxonomy":"product_cat","embeddable":true,"href":"https:\/\/www.erendurmus.com\/index.php?rest_route=%2Fwp%2Fv2%2Fproduct_cat&post=10454"},{"taxonomy":"product_tag","embeddable":true,"href":"https:\/\/www.erendurmus.com\/index.php?rest_route=%2Fwp%2Fv2%2Fproduct_tag&post=10454"}],"curies":[{"name":"wp","href":"https:\/\/api.w.org\/{rel}","templated":true}]}}