{"id":10384,"date":"2025-08-02T07:23:33","date_gmt":"2025-08-02T07:23:33","guid":{"rendered":"https:\/\/www.erendurmus.com\/?post_type=product&#038;p=10384"},"modified":"2026-02-27T14:07:50","modified_gmt":"2026-02-27T11:07:50","slug":"lowell-kolye","status":"publish","type":"product","link":"https:\/\/www.erendurmus.com\/?product=lowell-kolye","title":{"rendered":"Lowell Kolye"},"content":{"rendered":"<p>Eren Durmu\u015f Kuyumculuk Kolye<\/p>\n<p>\u0130sim : Lowell Kolye<\/p>\n<p>G\u00f6rsel : 14 Ayar Sar\u0131 Alt\u0131n 16,16 Grm<\/p>\n<p>Zincir Uzunlu\u011fu: 47 Cm<\/p>\n<p>Ta\u015f : Zirkon<\/p>\n","protected":false},"excerpt":{"rendered":"<p>lowell Kolye<\/p>\n<p>16,16 Grm 14 Sar\u0131 Alt\u0131n<\/p>\n","protected":false},"featured_media":10386,"comment_status":"open","ping_status":"closed","template":"","meta":[],"product_brand":[],"product_cat":[70],"product_tag":[],"class_list":{"0":"post-10384","1":"product","2":"type-product","3":"status-publish","4":"has-post-thumbnail","6":"product_cat-kolyeler","8":"first","9":"instock","10":"sale","11":"taxable","12":"shipping-taxable","13":"purchasable","14":"product-type-simple"},"_links":{"self":[{"href":"https:\/\/www.erendurmus.com\/index.php?rest_route=\/wp\/v2\/product\/10384","targetHints":{"allow":["GET"]}}],"collection":[{"href":"https:\/\/www.erendurmus.com\/index.php?rest_route=\/wp\/v2\/product"}],"about":[{"href":"https:\/\/www.erendurmus.com\/index.php?rest_route=\/wp\/v2\/types\/product"}],"replies":[{"embeddable":true,"href":"https:\/\/www.erendurmus.com\/index.php?rest_route=%2Fwp%2Fv2%2Fcomments&post=10384"}],"version-history":[{"count":1,"href":"https:\/\/www.erendurmus.com\/index.php?rest_route=\/wp\/v2\/product\/10384\/revisions"}],"predecessor-version":[{"id":10385,"href":"https:\/\/www.erendurmus.com\/index.php?rest_route=\/wp\/v2\/product\/10384\/revisions\/10385"}],"wp:featuredmedia":[{"embeddable":true,"href":"https:\/\/www.erendurmus.com\/index.php?rest_route=\/wp\/v2\/media\/10386"}],"wp:attachment":[{"href":"https:\/\/www.erendurmus.com\/index.php?rest_route=%2Fwp%2Fv2%2Fmedia&parent=10384"}],"wp:term":[{"taxonomy":"product_brand","embeddable":true,"href":"https:\/\/www.erendurmus.com\/index.php?rest_route=%2Fwp%2Fv2%2Fproduct_brand&post=10384"},{"taxonomy":"product_cat","embeddable":true,"href":"https:\/\/www.erendurmus.com\/index.php?rest_route=%2Fwp%2Fv2%2Fproduct_cat&post=10384"},{"taxonomy":"product_tag","embeddable":true,"href":"https:\/\/www.erendurmus.com\/index.php?rest_route=%2Fwp%2Fv2%2Fproduct_tag&post=10384"}],"curies":[{"name":"wp","href":"https:\/\/api.w.org\/{rel}","templated":true}]}}